{"id":581,"date":"2023-08-31T16:58:07","date_gmt":"2023-08-31T16:58:07","guid":{"rendered":"https:\/\/lapiccolaitaliascq.es\/?page_id=581"},"modified":"2023-10-17T16:02:49","modified_gmt":"2023-10-17T16:02:49","slug":"sobre_nosotros_2","status":"publish","type":"page","link":"https:\/\/lapiccolaitaliascq.es\/it\/sobre_nosotros_2\/","title":{"rendered":"Chi siamo"},"content":{"rendered":"<div data-elementor-type=\"wp-page\" data-elementor-id=\"581\" class=\"elementor elementor-581\">\n\t\t\t\t\t\t\t\t\t<section class=\"elementor-section elementor-top-section elementor-element elementor-element-648d612 elementor-section-height-min-height elementor-section-content-middle elementor-section-boxed elementor-section-height-default elementor-section-items-middle\" data-id=\"648d612\" data-element_type=\"section\" data-settings=\"{&quot;background_background&quot;:&quot;classic&quot;}\">\n\t\t\t\t\t\t\t<div class=\"elementor-background-overlay\"><\/div>\n\t\t\t\t\t\t\t<div class=\"elementor-container elementor-column-gap-default\">\n\t\t\t\t\t<div class=\"elementor-column elementor-col-100 elementor-top-column elementor-element elementor-element-5eb4eaa\" data-id=\"5eb4eaa\" data-element_type=\"column\">\n\t\t\t<div class=\"elementor-widget-wrap elementor-element-populated\">\n\t\t\t\t\t\t\t\t<div class=\"elementor-element elementor-element-5302ebd elementor-widget elementor-widget-heading\" data-id=\"5302ebd\" data-element_type=\"widget\" data-widget_type=\"heading.default\">\n\t\t\t\t<div class=\"elementor-widget-container\">\n\t\t\t<style>\/*! elementor - v3.15.0 - 20-08-2023 *\/\n.elementor-heading-title{padding:0;margin:0;line-height:1}.elementor-widget-heading .elementor-heading-title[class*=elementor-size-]>a{color:inherit;font-size:inherit;line-height:inherit}.elementor-widget-heading .elementor-heading-title.elementor-size-small{font-size:15px}.elementor-widget-heading .elementor-heading-title.elementor-size-medium{font-size:19px}.elementor-widget-heading .elementor-heading-title.elementor-size-large{font-size:29px}.elementor-widget-heading .elementor-heading-title.elementor-size-xl{font-size:39px}.elementor-widget-heading .elementor-heading-title.elementor-size-xxl{font-size:59px}<\/style><h2 class=\"elementor-heading-title elementor-size-default\">Chi siamo<\/h2>\t\t<\/div>\n\t\t\t\t<\/div>\n\t\t\t\t\t<\/div>\n\t\t<\/div>\n\t\t\t\t\t\t\t<\/div>\n\t\t<\/section>\n\t\t\t\t<section class=\"elementor-section elementor-top-section elementor-element elementor-element-28c1d5a elementor-section-height-min-height elementor-section-items-stretch elementor-reverse-mobile elementor-section-full_width elementor-section-content-top elementor-section-height-default\" data-id=\"28c1d5a\" data-element_type=\"section\">\n\t\t\t\t\t\t<div class=\"elementor-container elementor-column-gap-default\">\n\t\t\t\t\t<div class=\"elementor-column elementor-col-100 elementor-top-column elementor-element elementor-element-ff6b927\" data-id=\"ff6b927\" data-element_type=\"column\" data-settings=\"{&quot;background_background&quot;:&quot;classic&quot;}\">\n\t\t\t<div class=\"elementor-widget-wrap elementor-element-populated\">\n\t\t\t\t\t\t\t\t<div class=\"elementor-element elementor-element-7d7d8b2 elementor-widget elementor-widget-heading\" data-id=\"7d7d8b2\" data-element_type=\"widget\" data-widget_type=\"heading.default\">\n\t\t\t\t<div class=\"elementor-widget-container\">\n\t\t\t<h2 class=\"elementor-heading-title elementor-size-default\">Offriamo ai nostri clienti un'offerta gastronomica ampia e variegata dal sapore della Toscana. Una grande selezione dei migliori piatti della cucina italiana. <\/h2>\t\t<\/div>\n\t\t\t\t<\/div>\n\t\t\t\t<div class=\"elementor-element elementor-element-87c5dec elementor-widget__width-initial elementor-widget elementor-widget-text-editor\" data-id=\"87c5dec\" data-element_type=\"widget\" data-widget_type=\"text-editor.default\">\n\t\t\t\t<div class=\"elementor-widget-container\">\n\t\t\t<style>\/*! elementor - v3.15.0 - 20-08-2023 *\/\n.elementor-widget-text-editor.elementor-drop-cap-view-stacked .elementor-drop-cap{background-color:#69727d;color:#fff}.elementor-widget-text-editor.elementor-drop-cap-view-framed .elementor-drop-cap{color:#69727d;border:3px solid;background-color:transparent}.elementor-widget-text-editor:not(.elementor-drop-cap-view-default) .elementor-drop-cap{margin-top:8px}.elementor-widget-text-editor:not(.elementor-drop-cap-view-default) .elementor-drop-cap-letter{width:1em;height:1em}.elementor-widget-text-editor .elementor-drop-cap{float:left;text-align:center;line-height:1;font-size:50px}.elementor-widget-text-editor .elementor-drop-cap-letter{display:inline-block}<\/style>\t\t\t\t<p>Il nostro menu \u00e8 composto da prodotti freschi e offre una grande variet\u00e0 di sapori. Piatti di pasta fresca dell'eccellente marchio Rummo, antipasti, deliziose pizze preparate su ordinazione con impasto a fermentazione naturale stagionato da 48 a 72 ore, farine italiane (5 stagioni) e con un vasto assortimento di ingredienti portati dall'Italia, insalate, carpacci, toast, dolci e tutti i tipi di bevande per accompagnarlo. Per la nostra carbonara e tiramis\u00f9 utilizziamo solo uova galiziane autoctone MOS al 100%, per garantire gusto e qualit\u00e0.<\/p>\t\t\t\t\t\t<\/div>\n\t\t\t\t<\/div>\n\t\t\t\t\t<\/div>\n\t\t<\/div>\n\t\t\t\t\t\t\t<\/div>\n\t\t<\/section>\n\t\t\t\t<section class=\"elementor-section elementor-top-section elementor-element elementor-element-8fc05b0 elementor-section-height-min-height elementor-section-items-stretch elementor-reverse-mobile elementor-section-full_width elementor-section-height-default\" data-id=\"8fc05b0\" data-element_type=\"section\">\n\t\t\t\t\t\t<div class=\"elementor-container elementor-column-gap-default\">\n\t\t\t\t\t<div class=\"elementor-column elementor-col-100 elementor-top-column elementor-element elementor-element-17bb487\" data-id=\"17bb487\" data-element_type=\"column\" data-settings=\"{&quot;background_background&quot;:&quot;classic&quot;}\">\n\t\t\t<div class=\"elementor-widget-wrap elementor-element-populated\">\n\t\t\t\t\t\t\t\t<div class=\"elementor-element elementor-element-b815dd6 elementor-widget elementor-widget-heading\" data-id=\"b815dd6\" data-element_type=\"widget\" data-widget_type=\"heading.default\">\n\t\t\t\t<div class=\"elementor-widget-container\">\n\t\t\t<h2 class=\"elementor-heading-title elementor-size-default\">Ingredienti di <br> <b>Qualit\u00e0<\/b><\/h2>\t\t<\/div>\n\t\t\t\t<\/div>\n\t\t\t\t<div class=\"elementor-element elementor-element-2860abe elementor-widget elementor-widget-text-editor\" data-id=\"2860abe\" data-element_type=\"widget\" data-widget_type=\"text-editor.default\">\n\t\t\t\t<div class=\"elementor-widget-container\">\n\t\t\t\t\t\t\t<p>Selezioniamo attentamente i nostri fornitori e i nostri prodotti provengono solo da filiere certificate.<\/p>\t\t\t\t\t\t<\/div>\n\t\t\t\t<\/div>\n\t\t\t\t<section class=\"elementor-section elementor-inner-section elementor-element elementor-element-69eef3a elementor-section-boxed elementor-section-height-default elementor-section-height-default\" data-id=\"69eef3a\" data-element_type=\"section\">\n\t\t\t\t\t\t<div class=\"elementor-container elementor-column-gap-default\">\n\t\t\t\t\t<div class=\"elementor-column elementor-col-50 elementor-inner-column elementor-element elementor-element-68b7eea\" data-id=\"68b7eea\" data-element_type=\"column\">\n\t\t\t<div class=\"elementor-widget-wrap elementor-element-populated\">\n\t\t\t\t\t\t\t\t<div class=\"elementor-element elementor-element-594e29e elementor-align-center elementor-widget elementor-widget-button\" data-id=\"594e29e\" data-element_type=\"widget\" data-widget_type=\"button.default\">\n\t\t\t\t<div class=\"elementor-widget-container\">\n\t\t\t\t\t<div class=\"elementor-button-wrapper\">\n\t\t\t<a class=\"elementor-button elementor-button-link elementor-size-sm\" href=\"tel:%20+34981571020\">\n\t\t\t\t\t\t<span class=\"elementor-button-content-wrapper\">\n\t\t\t\t\t\t<span class=\"elementor-button-text\">Chiamaci<\/span>\n\t\t<\/span>\n\t\t\t\t\t<\/a>\n\t\t<\/div>\n\t\t\t\t<\/div>\n\t\t\t\t<\/div>\n\t\t\t\t\t<\/div>\n\t\t<\/div>\n\t\t\t\t<div class=\"elementor-column elementor-col-50 elementor-inner-column elementor-element elementor-element-0d28b93\" data-id=\"0d28b93\" data-element_type=\"column\">\n\t\t\t<div class=\"elementor-widget-wrap elementor-element-populated\">\n\t\t\t\t\t\t\t\t<div class=\"elementor-element elementor-element-c345ccd elementor-align-center elementor-widget elementor-widget-button\" data-id=\"c345ccd\" data-element_type=\"widget\" data-widget_type=\"button.default\">\n\t\t\t\t<div class=\"elementor-widget-container\">\n\t\t\t\t\t<div class=\"elementor-button-wrapper\">\n\t\t\t<a class=\"elementor-button elementor-button-link elementor-size-sm\" href=\"mailto:ristorantelapiccolaitaliascq@gmail.com\">\n\t\t\t\t\t\t<span class=\"elementor-button-content-wrapper\">\n\t\t\t\t\t\t<span class=\"elementor-button-text\">Scrivici<\/span>\n\t\t<\/span>\n\t\t\t\t\t<\/a>\n\t\t<\/div>\n\t\t\t\t<\/div>\n\t\t\t\t<\/div>\n\t\t\t\t\t<\/div>\n\t\t<\/div>\n\t\t\t\t\t\t\t<\/div>\n\t\t<\/section>\n\t\t\t\t\t<\/div>\n\t\t<\/div>\n\t\t\t\t\t\t\t<\/div>\n\t\t<\/section>\n\t\t\t\t<section class=\"elementor-section elementor-top-section elementor-element elementor-element-6d72c4f elementor-section-height-min-height elementor-section-items-stretch elementor-reverse-mobile elementor-section-full_width elementor-section-height-default\" data-id=\"6d72c4f\" data-element_type=\"section\">\n\t\t\t\t\t\t<div class=\"elementor-container elementor-column-gap-default\">\n\t\t\t\t\t<div class=\"elementor-column elementor-col-50 elementor-top-column elementor-element elementor-element-29a5f5b\" data-id=\"29a5f5b\" data-element_type=\"column\" data-settings=\"{&quot;background_background&quot;:&quot;classic&quot;}\">\n\t\t\t<div class=\"elementor-widget-wrap elementor-element-populated\">\n\t\t\t\t\t\t\t\t<div class=\"elementor-element elementor-element-8f81db9 elementor-widget elementor-widget-spacer\" data-id=\"8f81db9\" data-element_type=\"widget\" data-widget_type=\"spacer.default\">\n\t\t\t\t<div class=\"elementor-widget-container\">\n\t\t\t<style>\/*! elementor - v3.15.0 - 20-08-2023 *\/\n.elementor-column .elementor-spacer-inner{height:var(--spacer-size)}.e-con{--container-widget-width:100%}.e-con-inner>.elementor-widget-spacer,.e-con>.elementor-widget-spacer{width:var(--container-widget-width,var(--spacer-size));--align-self:var(--container-widget-align-self,initial);--flex-shrink:0}.e-con-inner>.elementor-widget-spacer>.elementor-widget-container,.e-con-inner>.elementor-widget-spacer>.elementor-widget-container>.elementor-spacer,.e-con>.elementor-widget-spacer>.elementor-widget-container,.e-con>.elementor-widget-spacer>.elementor-widget-container>.elementor-spacer{height:100%}.e-con-inner>.elementor-widget-spacer>.elementor-widget-container>.elementor-spacer>.elementor-spacer-inner,.e-con>.elementor-widget-spacer>.elementor-widget-container>.elementor-spacer>.elementor-spacer-inner{height:var(--container-widget-height,var(--spacer-size))}<\/style>\t\t<div class=\"elementor-spacer\">\n\t\t\t<div class=\"elementor-spacer-inner\"><\/div>\n\t\t<\/div>\n\t\t\t\t<\/div>\n\t\t\t\t<\/div>\n\t\t\t\t\t<\/div>\n\t\t<\/div>\n\t\t\t\t<div class=\"elementor-column elementor-col-50 elementor-top-column elementor-element elementor-element-b282402\" data-id=\"b282402\" data-element_type=\"column\" data-settings=\"{&quot;background_background&quot;:&quot;classic&quot;}\">\n\t\t\t<div class=\"elementor-widget-wrap elementor-element-populated\">\n\t\t\t\t\t\t\t\t<div class=\"elementor-element elementor-element-c295217 elementor-widget elementor-widget-heading\" data-id=\"c295217\" data-element_type=\"widget\" data-widget_type=\"heading.default\">\n\t\t\t\t<div class=\"elementor-widget-container\">\n\t\t\t<h2 class=\"elementor-heading-title elementor-size-default\">Un'atmosfera calda e accogliente, con decorazioni piacevoli...<\/h2>\t\t<\/div>\n\t\t\t\t<\/div>\n\t\t\t\t<div class=\"elementor-element elementor-element-1632b23 elementor-widget elementor-widget-text-editor\" data-id=\"1632b23\" data-element_type=\"widget\" data-widget_type=\"text-editor.default\">\n\t\t\t\t<div class=\"elementor-widget-container\">\n\t\t\t\t\t\t\t<p>Fanno del Restaurante la Piccola Italia SCQ il luogo ideale dove pranzare, cenare o fare uno spuntino a qualsiasi ora. Sia al bar, nella sala da pranzo o sulla piacevole terrazza, godrete di un servizio magnifico.<\/p>\n<p>Vieni a trovarci, non aspettare che te lo dicano.<\/p>\t\t\t\t\t\t<\/div>\n\t\t\t\t<\/div>\n\t\t\t\t\t<\/div>\n\t\t<\/div>\n\t\t\t\t\t\t\t<\/div>\n\t\t<\/section>\n\t\t\t\t<section class=\"elementor-section elementor-top-section elementor-element elementor-element-a8615bc elementor-section-content-middle elementor-section-full_width elementor-section-height-default elementor-section-height-default\" data-id=\"a8615bc\" data-element_type=\"section\" data-settings=\"{&quot;background_background&quot;:&quot;classic&quot;}\">\n\t\t\t\t\t\t<div class=\"elementor-container elementor-column-gap-default\">\n\t\t\t\t\t<div class=\"elementor-column elementor-col-25 elementor-top-column elementor-element elementor-element-42271ac2\" data-id=\"42271ac2\" data-element_type=\"column\">\n\t\t\t<div class=\"elementor-widget-wrap elementor-element-populated\">\n\t\t\t\t\t\t\t\t<div class=\"elementor-element elementor-element-593f154e elementor-widget elementor-widget-image\" data-id=\"593f154e\" data-element_type=\"widget\" data-widget_type=\"image.default\">\n\t\t\t\t<div class=\"elementor-widget-container\">\n\t\t\t<style>\/*! elementor - v3.15.0 - 20-08-2023 *\/\n.elementor-widget-image{text-align:center}.elementor-widget-image a{display:inline-block}.elementor-widget-image a img[src$=\".svg\"]{width:48px}.elementor-widget-image img{vertical-align:middle;display:inline-block}<\/style>\t\t\t\t\t\t\t\t\t\t\t\t<img decoding=\"async\" loading=\"lazy\" width=\"768\" height=\"201\" src=\"https:\/\/lapiccolaitaliascq.es\/wp-content\/uploads\/2023\/08\/ES_Financiado_por_la_Union_Europ-768x201-1.png\" class=\"attachment-full size-full wp-image-376\" alt=\"Financiado por la Uni\u00f3n Europea\" srcset=\"https:\/\/lapiccolaitaliascq.es\/wp-content\/uploads\/2023\/08\/ES_Financiado_por_la_Union_Europ-768x201-1.png 768w, https:\/\/lapiccolaitaliascq.es\/wp-content\/uploads\/2023\/08\/ES_Financiado_por_la_Union_Europ-768x201-1-300x79.png 300w, https:\/\/lapiccolaitaliascq.es\/wp-content\/uploads\/2023\/08\/ES_Financiado_por_la_Union_Europ-768x201-1-18x5.png 18w\" sizes=\"(max-width: 768px) 100vw, 768px\" \/>\t\t\t\t\t\t\t\t\t\t\t\t\t\t\t<\/div>\n\t\t\t\t<\/div>\n\t\t\t\t\t<\/div>\n\t\t<\/div>\n\t\t\t\t<div class=\"elementor-column elementor-col-25 elementor-top-column elementor-element elementor-element-6ff82d09\" data-id=\"6ff82d09\" data-element_type=\"column\">\n\t\t\t<div class=\"elementor-widget-wrap elementor-element-populated\">\n\t\t\t\t\t\t\t\t<div class=\"elementor-element elementor-element-7fbb664c elementor-widget elementor-widget-image\" data-id=\"7fbb664c\" data-element_type=\"widget\" data-widget_type=\"image.default\">\n\t\t\t\t<div class=\"elementor-widget-container\">\n\t\t\t\t\t\t\t\t\t\t\t\t\t\t\t<img decoding=\"async\" loading=\"lazy\" width=\"768\" height=\"246\" src=\"https:\/\/lapiccolaitaliascq.es\/wp-content\/uploads\/2023\/08\/LOGO-NEGATIVO-1-768x246-1.png\" class=\"attachment-full size-full wp-image-377\" alt=\"Plan de Recuperaci\u00f3n, Transformaci\u00f3n y Resiliencia\" srcset=\"https:\/\/lapiccolaitaliascq.es\/wp-content\/uploads\/2023\/08\/LOGO-NEGATIVO-1-768x246-1.png 768w, https:\/\/lapiccolaitaliascq.es\/wp-content\/uploads\/2023\/08\/LOGO-NEGATIVO-1-768x246-1-300x96.png 300w, https:\/\/lapiccolaitaliascq.es\/wp-content\/uploads\/2023\/08\/LOGO-NEGATIVO-1-768x246-1-18x6.png 18w\" sizes=\"(max-width: 768px) 100vw, 768px\" \/>\t\t\t\t\t\t\t\t\t\t\t\t\t\t\t<\/div>\n\t\t\t\t<\/div>\n\t\t\t\t\t<\/div>\n\t\t<\/div>\n\t\t\t\t<div class=\"elementor-column elementor-col-50 elementor-top-column elementor-element elementor-element-22ff4f6e\" data-id=\"22ff4f6e\" data-element_type=\"column\">\n\t\t\t<div class=\"elementor-widget-wrap elementor-element-populated\">\n\t\t\t\t\t\t\t\t<div class=\"elementor-element elementor-element-5214c266 elementor-widget elementor-widget-text-editor\" data-id=\"5214c266\" data-element_type=\"widget\" data-widget_type=\"text-editor.default\">\n\t\t\t\t<div class=\"elementor-widget-container\">\n\t\t\t\t\t\t\t<p>Financiado por la Uni\u00f3n Europea \u2013 Next Generation EU.<br \/>Sin embargo los puntos de vista y las opiniones son \u00fanicamente los del autor o autores y no reflejan necesariamente los de la Uni\u00f3n Europea o la Comisi\u00f3n Europea. Ni la Uni\u00f3n Europea ni la Comisi\u00f3n Europea pueden ser consideradas responsables de las mismas.<\/p>\t\t\t\t\t\t<\/div>\n\t\t\t\t<\/div>\n\t\t\t\t\t<\/div>\n\t\t<\/div>\n\t\t\t\t\t\t\t<\/div>\n\t\t<\/section>\n\t\t\t\t\t\t\t<\/div>","protected":false},"excerpt":{"rendered":"<p>Sobre nosotros Ofrecemos a nuestros clientes una amplia y variada oferta gastron\u00f3mica con el sabor de La Toscana. Una gran selecci\u00f3n de los mejores platos de la cocina italiana. Nuestra carta esta compuesta por productos frescos y te propone una gran diversidad de sabores. Platos de pasta fresca de la excelente marca Rummo, entrantes, deliciosas&hellip;&nbsp;<a href=\"https:\/\/lapiccolaitaliascq.es\/it\/sobre_nosotros_2\/\" rel=\"bookmark\"><span class=\"screen-reader-text\">Chi siamo<\/span><\/a><\/p>","protected":false},"author":1,"featured_media":0,"parent":0,"menu_order":0,"comment_status":"closed","ping_status":"closed","template":"","meta":{"neve_meta_sidebar":"","neve_meta_container":"","neve_meta_enable_content_width":"","neve_meta_content_width":0,"neve_meta_title_alignment":"","neve_meta_author_avatar":"","neve_post_elements_order":"","neve_meta_disable_header":"","neve_meta_disable_footer":"","neve_meta_disable_title":"","neve_meta_reading_time":"","_ti_tpc_template_sync":false,"_ti_tpc_template_id":"","footnotes":""},"yoast_head":"<!-- This site is optimized with the Yoast SEO plugin v21.4 - https:\/\/yoast.com\/wordpress\/plugins\/seo\/ -->\n<title>Sobre nosotros - La Piccola Italia SCQ<\/title>\n<meta name=\"description\" content=\"Cocina italiana, de platos que reflejan los mejores sabores de Italia. Las recetas tradicionales y el sabor m\u00e1s aut\u00e9ntico llegan a tu paladar\" \/>\n<meta name=\"robots\" content=\"index, follow, max-snippet:-1, max-image-preview:large, max-video-preview:-1\" \/>\n<link rel=\"canonical\" href=\"https:\/\/lapiccolaitaliascq.es\/it\/sobre_nosotros_2\/\" \/>\n<meta property=\"og:locale\" content=\"it_IT\" \/>\n<meta property=\"og:type\" content=\"article\" \/>\n<meta property=\"og:title\" content=\"Sobre nosotros - La Piccola Italia SCQ\" \/>\n<meta property=\"og:description\" content=\"Cocina italiana, de platos que reflejan los mejores sabores de Italia. Las recetas tradicionales y el sabor m\u00e1s aut\u00e9ntico llegan a tu paladar\" \/>\n<meta property=\"og:url\" content=\"https:\/\/lapiccolaitaliascq.es\/it\/sobre_nosotros_2\/\" \/>\n<meta property=\"og:site_name\" content=\"La Piccola Italia SCQ\" \/>\n<meta property=\"article:modified_time\" content=\"2023-10-17T16:02:49+00:00\" \/>\n<meta property=\"og:image\" content=\"http:\/\/lapiccolaitaliascq.es\/wp-content\/uploads\/2023\/08\/ES_Financiado_por_la_Union_Europ-768x201-1.png\" \/>\n<meta name=\"twitter:card\" content=\"summary_large_image\" \/>\n<meta name=\"twitter:label1\" content=\"Tempo di lettura stimato\" \/>\n\t<meta name=\"twitter:data1\" content=\"2 minuti\" \/>\n<script type=\"application\/ld+json\" class=\"yoast-schema-graph\">{\"@context\":\"https:\/\/schema.org\",\"@graph\":[{\"@type\":\"WebPage\",\"@id\":\"https:\/\/lapiccolaitaliascq.es\/sobre_nosotros_2\/\",\"url\":\"https:\/\/lapiccolaitaliascq.es\/sobre_nosotros_2\/\",\"name\":\"Sobre nosotros - La Piccola Italia SCQ\",\"isPartOf\":{\"@id\":\"https:\/\/lapiccolaitaliascq.es\/#website\"},\"datePublished\":\"2023-08-31T16:58:07+00:00\",\"dateModified\":\"2023-10-17T16:02:49+00:00\",\"description\":\"Cocina italiana, de platos que reflejan los mejores sabores de Italia. Las recetas tradicionales y el sabor m\u00e1s aut\u00e9ntico llegan a tu paladar\",\"breadcrumb\":{\"@id\":\"https:\/\/lapiccolaitaliascq.es\/sobre_nosotros_2\/#breadcrumb\"},\"inLanguage\":\"it-IT\",\"potentialAction\":[{\"@type\":\"ReadAction\",\"target\":[\"https:\/\/lapiccolaitaliascq.es\/sobre_nosotros_2\/\"]}]},{\"@type\":\"BreadcrumbList\",\"@id\":\"https:\/\/lapiccolaitaliascq.es\/sobre_nosotros_2\/#breadcrumb\",\"itemListElement\":[{\"@type\":\"ListItem\",\"position\":1,\"name\":\"Portada\",\"item\":\"https:\/\/lapiccolaitaliascq.es\/\"},{\"@type\":\"ListItem\",\"position\":2,\"name\":\"Sobre nosotros\"}]},{\"@type\":\"WebSite\",\"@id\":\"https:\/\/lapiccolaitaliascq.es\/#website\",\"url\":\"https:\/\/lapiccolaitaliascq.es\/\",\"name\":\"La Piccola Italia SCQ\",\"description\":\"\",\"publisher\":{\"@id\":\"https:\/\/lapiccolaitaliascq.es\/#organization\"},\"potentialAction\":[{\"@type\":\"SearchAction\",\"target\":{\"@type\":\"EntryPoint\",\"urlTemplate\":\"https:\/\/lapiccolaitaliascq.es\/?s={search_term_string}\"},\"query-input\":\"required name=search_term_string\"}],\"inLanguage\":\"it-IT\"},{\"@type\":\"Organization\",\"@id\":\"https:\/\/lapiccolaitaliascq.es\/#organization\",\"name\":\"La Piccola Italia SCQ\",\"url\":\"https:\/\/lapiccolaitaliascq.es\/\",\"logo\":{\"@type\":\"ImageObject\",\"inLanguage\":\"it-IT\",\"@id\":\"https:\/\/lapiccolaitaliascq.es\/#\/schema\/logo\/image\/\",\"url\":\"https:\/\/lapiccolaitaliascq.es\/wp-content\/uploads\/2023\/08\/logo.png\",\"contentUrl\":\"https:\/\/lapiccolaitaliascq.es\/wp-content\/uploads\/2023\/08\/logo.png\",\"width\":500,\"height\":393,\"caption\":\"La Piccola Italia SCQ\"},\"image\":{\"@id\":\"https:\/\/lapiccolaitaliascq.es\/#\/schema\/logo\/image\/\"}}]}<\/script>\n<!-- \/ Yoast SEO plugin. -->","yoast_head_json":{"title":"Sobre nosotros - La Piccola Italia SCQ","description":"Cocina italiana, de platos que reflejan los mejores sabores de Italia. Las recetas tradicionales y el sabor m\u00e1s aut\u00e9ntico llegan a tu paladar","robots":{"index":"index","follow":"follow","max-snippet":"max-snippet:-1","max-image-preview":"max-image-preview:large","max-video-preview":"max-video-preview:-1"},"canonical":"https:\/\/lapiccolaitaliascq.es\/it\/sobre_nosotros_2\/","og_locale":"it_IT","og_type":"article","og_title":"Sobre nosotros - La Piccola Italia SCQ","og_description":"Cocina italiana, de platos que reflejan los mejores sabores de Italia. Las recetas tradicionales y el sabor m\u00e1s aut\u00e9ntico llegan a tu paladar","og_url":"https:\/\/lapiccolaitaliascq.es\/it\/sobre_nosotros_2\/","og_site_name":"La Piccola Italia SCQ","article_modified_time":"2023-10-17T16:02:49+00:00","og_image":[{"url":"http:\/\/lapiccolaitaliascq.es\/wp-content\/uploads\/2023\/08\/ES_Financiado_por_la_Union_Europ-768x201-1.png"}],"twitter_card":"summary_large_image","twitter_misc":{"Tempo di lettura stimato":"2 minuti"},"schema":{"@context":"https:\/\/schema.org","@graph":[{"@type":"WebPage","@id":"https:\/\/lapiccolaitaliascq.es\/sobre_nosotros_2\/","url":"https:\/\/lapiccolaitaliascq.es\/sobre_nosotros_2\/","name":"Sobre nosotros - La Piccola Italia SCQ","isPartOf":{"@id":"https:\/\/lapiccolaitaliascq.es\/#website"},"datePublished":"2023-08-31T16:58:07+00:00","dateModified":"2023-10-17T16:02:49+00:00","description":"Cocina italiana, de platos que reflejan los mejores sabores de Italia. Las recetas tradicionales y el sabor m\u00e1s aut\u00e9ntico llegan a tu paladar","breadcrumb":{"@id":"https:\/\/lapiccolaitaliascq.es\/sobre_nosotros_2\/#breadcrumb"},"inLanguage":"it-IT","potentialAction":[{"@type":"ReadAction","target":["https:\/\/lapiccolaitaliascq.es\/sobre_nosotros_2\/"]}]},{"@type":"BreadcrumbList","@id":"https:\/\/lapiccolaitaliascq.es\/sobre_nosotros_2\/#breadcrumb","itemListElement":[{"@type":"ListItem","position":1,"name":"Portada","item":"https:\/\/lapiccolaitaliascq.es\/"},{"@type":"ListItem","position":2,"name":"Sobre nosotros"}]},{"@type":"WebSite","@id":"https:\/\/lapiccolaitaliascq.es\/#website","url":"https:\/\/lapiccolaitaliascq.es\/","name":"La Piccola Italia SCQ","description":"","publisher":{"@id":"https:\/\/lapiccolaitaliascq.es\/#organization"},"potentialAction":[{"@type":"SearchAction","target":{"@type":"EntryPoint","urlTemplate":"https:\/\/lapiccolaitaliascq.es\/?s={search_term_string}"},"query-input":"required name=search_term_string"}],"inLanguage":"it-IT"},{"@type":"Organization","@id":"https:\/\/lapiccolaitaliascq.es\/#organization","name":"La Piccola Italia SCQ","url":"https:\/\/lapiccolaitaliascq.es\/","logo":{"@type":"ImageObject","inLanguage":"it-IT","@id":"https:\/\/lapiccolaitaliascq.es\/#\/schema\/logo\/image\/","url":"https:\/\/lapiccolaitaliascq.es\/wp-content\/uploads\/2023\/08\/logo.png","contentUrl":"https:\/\/lapiccolaitaliascq.es\/wp-content\/uploads\/2023\/08\/logo.png","width":500,"height":393,"caption":"La Piccola Italia SCQ"},"image":{"@id":"https:\/\/lapiccolaitaliascq.es\/#\/schema\/logo\/image\/"}}]}},"_links":{"self":[{"href":"https:\/\/lapiccolaitaliascq.es\/it\/wp-json\/wp\/v2\/pages\/581"}],"collection":[{"href":"https:\/\/lapiccolaitaliascq.es\/it\/wp-json\/wp\/v2\/pages"}],"about":[{"href":"https:\/\/lapiccolaitaliascq.es\/it\/wp-json\/wp\/v2\/types\/page"}],"author":[{"embeddable":true,"href":"https:\/\/lapiccolaitaliascq.es\/it\/wp-json\/wp\/v2\/users\/1"}],"replies":[{"embeddable":true,"href":"https:\/\/lapiccolaitaliascq.es\/it\/wp-json\/wp\/v2\/comments?post=581"}],"version-history":[{"count":20,"href":"https:\/\/lapiccolaitaliascq.es\/it\/wp-json\/wp\/v2\/pages\/581\/revisions"}],"predecessor-version":[{"id":640,"href":"https:\/\/lapiccolaitaliascq.es\/it\/wp-json\/wp\/v2\/pages\/581\/revisions\/640"}],"wp:attachment":[{"href":"https:\/\/lapiccolaitaliascq.es\/it\/wp-json\/wp\/v2\/media?parent=581"}],"curies":[{"name":"wp","href":"https:\/\/api.w.org\/{rel}","templated":true}]}}